{"id":213,"date":"2016-12-28T05:53:52","date_gmt":"2016-12-28T05:53:52","guid":{"rendered":"https:\/\/raratheme.com\/preview\/construction-landing-page\/?page_id=8"},"modified":"2022-06-21T21:10:34","modified_gmt":"2022-06-21T19:10:34","slug":"home","status":"publish","type":"page","link":"https:\/\/nedcivilengineering.com\/","title":{"rendered":"Utilisez notre service de confiance pour construire la maison de vos r\u00eaves"},"content":{"rendered":"<p>La construction commence par la planification, la conception et le financement ; elle se poursuit jusqu&rsquo;\u00e0 ce que le projet soit construit et pr\u00eat \u00e0 \u00eatre utilis\u00e9.<\/p>\n","protected":false},"excerpt":{"rendered":"<p>La construction commence par la planification, la conception et le financement ; elle se poursuit jusqu&rsquo;\u00e0 ce que le projet &hellip; <\/p>\n","protected":false},"author":1,"featured_media":276,"parent":0,"menu_order":0,"comment_status":"closed","ping_status":"closed","template":"template-home.php","meta":{"footnotes":""},"class_list":["post-213","page","type-page","status-publish","has-post-thumbnail","hentry"],"_links":{"self":[{"href":"https:\/\/nedcivilengineering.com\/index.php\/wp-json\/wp\/v2\/pages\/213","targetHints":{"allow":["GET"]}}],"collection":[{"href":"https:\/\/nedcivilengineering.com\/index.php\/wp-json\/wp\/v2\/pages"}],"about":[{"href":"https:\/\/nedcivilengineering.com\/index.php\/wp-json\/wp\/v2\/types\/page"}],"author":[{"embeddable":true,"href":"https:\/\/nedcivilengineering.com\/index.php\/wp-json\/wp\/v2\/users\/1"}],"replies":[{"embeddable":true,"href":"https:\/\/nedcivilengineering.com\/index.php\/wp-json\/wp\/v2\/comments?post=213"}],"version-history":[{"count":1,"href":"https:\/\/nedcivilengineering.com\/index.php\/wp-json\/wp\/v2\/pages\/213\/revisions"}],"predecessor-version":[{"id":273,"href":"https:\/\/nedcivilengineering.com\/index.php\/wp-json\/wp\/v2\/pages\/213\/revisions\/273"}],"wp:featuredmedia":[{"embeddable":true,"href":"https:\/\/nedcivilengineering.com\/index.php\/wp-json\/wp\/v2\/media\/276"}],"wp:attachment":[{"href":"https:\/\/nedcivilengineering.com\/index.php\/wp-json\/wp\/v2\/media?parent=213"}],"curies":[{"name":"wp","href":"https:\/\/api.w.org\/{rel}","templated":true}]}}