{"id":189,"date":"2017-01-03T05:36:18","date_gmt":"2017-01-03T05:36:18","guid":{"rendered":"https:\/\/raratheme.com\/preview\/construction-landing-page\/?page_id=189"},"modified":"2022-06-21T21:38:19","modified_gmt":"2022-06-21T19:38:19","slug":"our-projects","status":"publish","type":"page","link":"https:\/\/nedcivilengineering.com\/index.php\/our-projects\/","title":{"rendered":"Consultez nos projets"},"content":{"rendered":"<p>Trouvez ici nos r\u00e9alisations r\u00e9centes, depuis le commencement de chaque projet jusqu&rsquo;\u00e0 sa fin.<\/p>\n","protected":false},"excerpt":{"rendered":"<p>Trouvez ici nos r\u00e9alisations r\u00e9centes, depuis le commencement de chaque projet jusqu&rsquo;\u00e0 sa fin.<\/p>\n","protected":false},"author":1,"featured_media":0,"parent":0,"menu_order":0,"comment_status":"closed","ping_status":"closed","template":"","meta":{"footnotes":""},"class_list":["post-189","page","type-page","status-publish","hentry"],"_links":{"self":[{"href":"https:\/\/nedcivilengineering.com\/index.php\/wp-json\/wp\/v2\/pages\/189","targetHints":{"allow":["GET"]}}],"collection":[{"href":"https:\/\/nedcivilengineering.com\/index.php\/wp-json\/wp\/v2\/pages"}],"about":[{"href":"https:\/\/nedcivilengineering.com\/index.php\/wp-json\/wp\/v2\/types\/page"}],"author":[{"embeddable":true,"href":"https:\/\/nedcivilengineering.com\/index.php\/wp-json\/wp\/v2\/users\/1"}],"replies":[{"embeddable":true,"href":"https:\/\/nedcivilengineering.com\/index.php\/wp-json\/wp\/v2\/comments?post=189"}],"version-history":[{"count":1,"href":"https:\/\/nedcivilengineering.com\/index.php\/wp-json\/wp\/v2\/pages\/189\/revisions"}],"predecessor-version":[{"id":282,"href":"https:\/\/nedcivilengineering.com\/index.php\/wp-json\/wp\/v2\/pages\/189\/revisions\/282"}],"wp:attachment":[{"href":"https:\/\/nedcivilengineering.com\/index.php\/wp-json\/wp\/v2\/media?parent=189"}],"curies":[{"name":"wp","href":"https:\/\/api.w.org\/{rel}","templated":true}]}}