{"id":183,"date":"2017-01-03T05:33:57","date_gmt":"2017-01-03T04:33:57","guid":{"rendered":"https:\/\/raratheme.com\/preview\/construction-landing-page\/?page_id=183"},"modified":"2022-06-21T20:51:55","modified_gmt":"2022-06-21T18:51:55","slug":"a-propos-de-nous","status":"publish","type":"page","link":"https:\/\/nedcivilengineering.com\/index.php\/a-propos-de-nous\/","title":{"rendered":"\u00c0 propos de nous"},"content":{"rendered":"<p>Les grands projets de construction sont parfois appel\u00e9s m\u00e9gaprojets.<\/p>\n","protected":false},"excerpt":{"rendered":"<p>Les grands projets de construction sont parfois appel\u00e9s m\u00e9gaprojets.<\/p>\n","protected":false},"author":1,"featured_media":0,"parent":0,"menu_order":0,"comment_status":"closed","ping_status":"closed","template":"","meta":{"footnotes":""},"class_list":["post-183","page","type-page","status-publish","hentry"],"_links":{"self":[{"href":"https:\/\/nedcivilengineering.com\/index.php\/wp-json\/wp\/v2\/pages\/183","targetHints":{"allow":["GET"]}}],"collection":[{"href":"https:\/\/nedcivilengineering.com\/index.php\/wp-json\/wp\/v2\/pages"}],"about":[{"href":"https:\/\/nedcivilengineering.com\/index.php\/wp-json\/wp\/v2\/types\/page"}],"author":[{"embeddable":true,"href":"https:\/\/nedcivilengineering.com\/index.php\/wp-json\/wp\/v2\/users\/1"}],"replies":[{"embeddable":true,"href":"https:\/\/nedcivilengineering.com\/index.php\/wp-json\/wp\/v2\/comments?post=183"}],"version-history":[{"count":2,"href":"https:\/\/nedcivilengineering.com\/index.php\/wp-json\/wp\/v2\/pages\/183\/revisions"}],"predecessor-version":[{"id":268,"href":"https:\/\/nedcivilengineering.com\/index.php\/wp-json\/wp\/v2\/pages\/183\/revisions\/268"}],"wp:attachment":[{"href":"https:\/\/nedcivilengineering.com\/index.php\/wp-json\/wp\/v2\/media?parent=183"}],"curies":[{"name":"wp","href":"https:\/\/api.w.org\/{rel}","templated":true}]}}